{"id":7,"date":"2022-05-06T13:46:03","date_gmt":"2022-05-06T13:46:03","guid":{"rendered":"https:\/\/join.rinaprime.com\/?page_id=7"},"modified":"2022-05-10T14:32:40","modified_gmt":"2022-05-10T14:32:40","slug":"iscrizione-sostenibilita-opportunita-di-efficientamento-per-ledilizia-residenziale-pubblica","status":"publish","type":"page","link":"https:\/\/join.rinaprime.com\/en\/iscrizione-sostenibilita-opportunita-di-efficientamento-per-ledilizia-residenziale-pubblica\/","title":{"rendered":"Iscrizione-Evento Federcasa &#038; RINA Prime"},"content":{"rendered":"\t\t<div data-elementor-type=\"wp-post\" data-elementor-id=\"7\" class=\"elementor elementor-7\" data-elementor-post-type=\"page\">\n\t\t\t\t\t\t<section class=\"elementor-section elementor-top-section elementor-element elementor-element-a786386 elementor-section-height-min-height elementor-section-boxed elementor-section-height-default elementor-section-items-middle\" data-id=\"a786386\" data-element_type=\"section\" data-e-type=\"section\" data-settings=\"{&quot;background_background&quot;:&quot;classic&quot;}\">\n\t\t\t\t\t\t<div class=\"elementor-container elementor-column-gap-default\">\n\t\t\t\t\t<div class=\"elementor-column elementor-col-100 elementor-top-column elementor-element elementor-element-133bf4d\" data-id=\"133bf4d\" data-element_type=\"column\" data-e-type=\"column\">\n\t\t\t<div class=\"elementor-widget-wrap elementor-element-populated\">\n\t\t\t\t\t\t<div class=\"elementor-element elementor-element-17c7786 elementor-widget elementor-widget-heading\" data-id=\"17c7786\" data-element_type=\"widget\" data-e-type=\"widget\" data-widget_type=\"heading.default\">\n\t\t\t\t<div class=\"elementor-widget-container\">\n\t\t\t\t\t<h2 class=\"elementor-heading-title elementor-size-default\">Pre-adesione Evento<\/h2>\t\t\t\t<\/div>\n\t\t\t\t<\/div>\n\t\t\t\t<div class=\"elementor-element elementor-element-e32cef6 elementor-widget elementor-widget-heading\" data-id=\"e32cef6\" data-element_type=\"widget\" data-e-type=\"widget\" data-widget_type=\"heading.default\">\n\t\t\t\t<div class=\"elementor-widget-container\">\n\t\t\t\t\t<h2 class=\"elementor-heading-title elementor-size-default\">SOSTENIBILIT\u00c0, opportunit\u00e0 di efficientamento per l'edilizia residenziale pubblica. <\/h2>\t\t\t\t<\/div>\n\t\t\t\t<\/div>\n\t\t\t\t<div class=\"elementor-element elementor-element-2407bc4 elementor-widget elementor-widget-heading\" data-id=\"2407bc4\" data-element_type=\"widget\" data-e-type=\"widget\" data-widget_type=\"heading.default\">\n\t\t\t\t<div class=\"elementor-widget-container\">\n\t\t\t\t\t<div class=\"elementor-heading-title elementor-size-default\">Questo evento \u00e8 a numero chiuso pertanto si prega di attendere la conferma di partecipazione da parte di Federcasa.<\/br> Il termine ultimo per la pre-adesione \u00e8 il 20 maggio 2022.\n\n<\/div>\t\t\t\t<\/div>\n\t\t\t\t<\/div>\n\t\t\t\t<div class=\"elementor-element elementor-element-7fc56e8 elementor-button-align-stretch elementor-widget elementor-widget-form\" data-id=\"7fc56e8\" data-element_type=\"widget\" data-e-type=\"widget\" data-settings=\"{&quot;step_next_label&quot;:&quot;Next&quot;,&quot;step_previous_label&quot;:&quot;Previous&quot;,&quot;button_width&quot;:&quot;100&quot;,&quot;step_type&quot;:&quot;number_text&quot;,&quot;step_icon_shape&quot;:&quot;circle&quot;}\" data-widget_type=\"form.default\">\n\t\t\t\t<div class=\"elementor-widget-container\">\n\t\t\t\t\t\t\t<form class=\"elementor-form\" method=\"post\" name=\"New Form\" aria-label=\"New Form\">\n\t\t\t<input type=\"hidden\" name=\"post_id\" value=\"7\"\/>\n\t\t\t<input type=\"hidden\" name=\"form_id\" value=\"7fc56e8\"\/>\n\t\t\t<input type=\"hidden\" name=\"referer_title\" value=\"Iscrizione-Evento Federcasa &amp; RINA Prime - Join RINA Prime Value Services\" \/>\n\n\t\t\t\t\t\t\t<input type=\"hidden\" name=\"queried_id\" value=\"7\"\/>\n\t\t\t\n\t\t\t<div class=\"elementor-form-fields-wrapper elementor-labels-\">\n\t\t\t\t\t\t\t\t<div class=\"elementor-field-type-html elementor-field-group elementor-column elementor-field-group-field_297b16f elementor-col-100\">\n\t\t\t\t\t<hr>\n<h6>Dati personali<\/h6>\n<hr>\t\t\t\t<\/div>\n\t\t\t\t\t\t\t\t<div class=\"elementor-field-type-text elementor-field-group elementor-column elementor-field-group-name elementor-col-50 elementor-field-required\">\n\t\t\t\t\t\t\t\t\t\t\t\t<label for=\"form-field-name\" class=\"elementor-field-label elementor-screen-only\">\n\t\t\t\t\t\t\t\tNome\t\t\t\t\t\t\t<\/label>\n\t\t\t\t\t\t\t\t\t\t\t\t\t\t<input size=\"1\" type=\"text\" name=\"form_fields[name]\" id=\"form-field-name\" class=\"elementor-field elementor-size-sm  elementor-field-textual\" placeholder=\"Nome*\" required=\"required\">\n\t\t\t\t\t\t\t\t\t\t\t<\/div>\n\t\t\t\t\t\t\t\t<div class=\"elementor-field-type-text elementor-field-group elementor-column elementor-field-group-field_301e6c1 elementor-col-50 elementor-field-required\">\n\t\t\t\t\t\t\t\t\t\t\t\t<label for=\"form-field-field_301e6c1\" class=\"elementor-field-label elementor-screen-only\">\n\t\t\t\t\t\t\t\tCognome\t\t\t\t\t\t\t<\/label>\n\t\t\t\t\t\t\t\t\t\t\t\t\t\t<input size=\"1\" type=\"text\" name=\"form_fields[field_301e6c1]\" id=\"form-field-field_301e6c1\" class=\"elementor-field elementor-size-sm  elementor-field-textual\" placeholder=\"Cognome*\" required=\"required\">\n\t\t\t\t\t\t\t\t\t\t\t<\/div>\n\t\t\t\t\t\t\t\t<div class=\"elementor-field-type-text elementor-field-group elementor-column elementor-field-group-field_f3f49fa elementor-col-50 elementor-field-required\">\n\t\t\t\t\t\t\t\t\t\t\t\t<label for=\"form-field-field_f3f49fa\" class=\"elementor-field-label elementor-screen-only\">\n\t\t\t\t\t\t\t\tFunzione\t\t\t\t\t\t\t<\/label>\n\t\t\t\t\t\t\t\t\t\t\t\t\t\t<input size=\"1\" type=\"text\" name=\"form_fields[field_f3f49fa]\" id=\"form-field-field_f3f49fa\" class=\"elementor-field elementor-size-sm  elementor-field-textual\" placeholder=\"Funzione*\" required=\"required\">\n\t\t\t\t\t\t\t\t\t\t\t<\/div>\n\t\t\t\t\t\t\t\t<div class=\"elementor-field-type-text elementor-field-group elementor-column elementor-field-group-field_6d57e35 elementor-col-50 elementor-field-required\">\n\t\t\t\t\t\t\t\t\t\t\t\t<label for=\"form-field-field_6d57e35\" class=\"elementor-field-label elementor-screen-only\">\n\t\t\t\t\t\t\t\tEnte\t\t\t\t\t\t\t<\/label>\n\t\t\t\t\t\t\t\t\t\t\t\t\t\t<input size=\"1\" type=\"text\" name=\"form_fields[field_6d57e35]\" id=\"form-field-field_6d57e35\" class=\"elementor-field elementor-size-sm  elementor-field-textual\" placeholder=\"Ente*\" required=\"required\">\n\t\t\t\t\t\t\t\t\t\t\t<\/div>\n\t\t\t\t\t\t\t\t<div class=\"elementor-field-type-text elementor-field-group elementor-column elementor-field-group-field_21d08ed elementor-col-33 elementor-field-required\">\n\t\t\t\t\t\t\t\t\t\t\t\t<label for=\"form-field-field_21d08ed\" class=\"elementor-field-label elementor-screen-only\">\n\t\t\t\t\t\t\t\tIndirizzo\t\t\t\t\t\t\t<\/label>\n\t\t\t\t\t\t\t\t\t\t\t\t\t\t<input size=\"1\" type=\"text\" name=\"form_fields[field_21d08ed]\" id=\"form-field-field_21d08ed\" class=\"elementor-field elementor-size-sm  elementor-field-textual\" placeholder=\"Indirizzo*\" required=\"required\">\n\t\t\t\t\t\t\t\t\t\t\t<\/div>\n\t\t\t\t\t\t\t\t<div class=\"elementor-field-type-text elementor-field-group elementor-column elementor-field-group-field_65adc84 elementor-col-33 elementor-field-required\">\n\t\t\t\t\t\t\t\t\t\t\t\t<label for=\"form-field-field_65adc84\" class=\"elementor-field-label elementor-screen-only\">\n\t\t\t\t\t\t\t\tCAP\t\t\t\t\t\t\t<\/label>\n\t\t\t\t\t\t\t\t\t\t\t\t\t\t<input size=\"1\" type=\"text\" name=\"form_fields[field_65adc84]\" id=\"form-field-field_65adc84\" class=\"elementor-field elementor-size-sm  elementor-field-textual\" placeholder=\"CAP*\" required=\"required\">\n\t\t\t\t\t\t\t\t\t\t\t<\/div>\n\t\t\t\t\t\t\t\t<div class=\"elementor-field-type-text elementor-field-group elementor-column elementor-field-group-field_28b7cd6 elementor-col-33 elementor-field-required\">\n\t\t\t\t\t\t\t\t\t\t\t\t<label for=\"form-field-field_28b7cd6\" class=\"elementor-field-label elementor-screen-only\">\n\t\t\t\t\t\t\t\tCitt\u00e0\t\t\t\t\t\t\t<\/label>\n\t\t\t\t\t\t\t\t\t\t\t\t\t\t<input size=\"1\" type=\"text\" name=\"form_fields[field_28b7cd6]\" id=\"form-field-field_28b7cd6\" class=\"elementor-field elementor-size-sm  elementor-field-textual\" placeholder=\"Citt\u00e0*\" required=\"required\">\n\t\t\t\t\t\t\t\t\t\t\t<\/div>\n\t\t\t\t\t\t\t\t<div class=\"elementor-field-type-text elementor-field-group elementor-column elementor-field-group-field_f24bf76 elementor-col-50 elementor-field-required\">\n\t\t\t\t\t\t\t\t\t\t\t\t<label for=\"form-field-field_f24bf76\" class=\"elementor-field-label elementor-screen-only\">\n\t\t\t\t\t\t\t\tTelefono\t\t\t\t\t\t\t<\/label>\n\t\t\t\t\t\t\t\t\t\t\t\t\t\t<input size=\"1\" type=\"text\" name=\"form_fields[field_f24bf76]\" id=\"form-field-field_f24bf76\" class=\"elementor-field elementor-size-sm  elementor-field-textual\" placeholder=\"Telefono*\" required=\"required\">\n\t\t\t\t\t\t\t\t\t\t\t<\/div>\n\t\t\t\t\t\t\t\t<div class=\"elementor-field-type-email elementor-field-group elementor-column elementor-field-group-email elementor-col-50 elementor-field-required\">\n\t\t\t\t\t\t\t\t\t\t\t\t<label for=\"form-field-email\" class=\"elementor-field-label elementor-screen-only\">\n\t\t\t\t\t\t\t\tEmail\t\t\t\t\t\t\t<\/label>\n\t\t\t\t\t\t\t\t\t\t\t\t\t\t<input size=\"1\" type=\"email\" name=\"form_fields[email]\" id=\"form-field-email\" class=\"elementor-field elementor-size-sm  elementor-field-textual\" placeholder=\"Email*\" required=\"required\">\n\t\t\t\t\t\t\t\t\t\t\t<\/div>\n\t\t\t\t\t\t\t\t<div class=\"elementor-field-type-html elementor-field-group elementor-column elementor-field-group-field_e73ae95 elementor-col-100\">\n\t\t\t\t\t<hr>\n<h6>Pernottamento<\/h6>\n<hr>\t\t\t\t<\/div>\n\t\t\t\t\t\t\t\t<div class=\"elementor-field-type-html elementor-field-group elementor-column elementor-field-group-field_792f2aa elementor-col-100\">\n\t\t\t\t\t*Si richiede prenotazione per la notte del 30 maggio 2022?\t\t\t\t<\/div>\n\t\t\t\t\t\t\t\t<div class=\"elementor-field-type-radio elementor-field-group elementor-column elementor-field-group-field_321ab0e elementor-col-100 elementor-field-required\">\n\t\t\t\t\t\t\t\t\t\t\t\t<label for=\"form-field-field_321ab0e\" class=\"elementor-field-label elementor-screen-only\">\n\t\t\t\t\t\t\t\tPernottamento\t\t\t\t\t\t\t<\/label>\n\t\t\t\t\t\t<div class=\"elementor-field-subgroup  elementor-subgroup-inline\"><span class=\"elementor-field-option\"><input type=\"radio\" value=\"Si \" id=\"form-field-field_321ab0e-0\" name=\"form_fields[field_321ab0e]\" required=\"required\"> <label for=\"form-field-field_321ab0e-0\">Si <\/label><\/span><span class=\"elementor-field-option\"><input type=\"radio\" value=\"No\" id=\"form-field-field_321ab0e-1\" name=\"form_fields[field_321ab0e]\" required=\"required\"> <label for=\"form-field-field_321ab0e-1\">No<\/label><\/span><\/div>\t\t\t\t<\/div>\n\t\t\t\t\t\t\t\t<div class=\"elementor-field-type-html elementor-field-group elementor-column elementor-field-group-field_5823206 elementor-col-100\">\n\t\t\t\t\t<hr>\n<h6>Consenso<\/h6>\n<hr>\t\t\t\t<\/div>\n\t\t\t\t\t\t\t\t<div class=\"elementor-field-type-acceptance elementor-field-group elementor-column elementor-field-group-field_1a20d02 elementor-col-100 elementor-field-required\">\n\t\t\t\t\t\t\t\t\t\t\t\t<label for=\"form-field-field_1a20d02\" class=\"elementor-field-label elementor-screen-only\">\n\t\t\t\t\t\t\t\tPrivacy Policy RINA Prime\t\t\t\t\t\t\t<\/label>\n\t\t\t\t\t\t\t\t<div class=\"elementor-field-subgroup\">\n\t\t\t<span class=\"elementor-field-option\">\n\t\t\t\t<input type=\"checkbox\" name=\"form_fields[field_1a20d02]\" id=\"form-field-field_1a20d02\" class=\"elementor-field elementor-size-sm  elementor-acceptance-field\" required=\"required\">\n\t\t\t\t<label for=\"form-field-field_1a20d02\">*Acconsento al trattamento dei dati personali da parte di RINA Prime Value Services SPA, come descritto nella <a href=\"https:\/\/rinaprime.rina.org\/it\/privacy\" style=\"color:#0f0b30; text-decoration: underline;\">privacy policy<\/a>.<\/label>\t\t\t<\/span>\n\t\t<\/div>\n\t\t\t\t\t\t<\/div>\n\t\t\t\t\t\t\t\t<div class=\"elementor-field-type-acceptance elementor-field-group elementor-column elementor-field-group-field_7334552 elementor-col-100 elementor-field-required\">\n\t\t\t\t\t\t\t\t\t\t\t\t<label for=\"form-field-field_7334552\" class=\"elementor-field-label elementor-screen-only\">\n\t\t\t\t\t\t\t\tPrivacy Policy Federcasa\t\t\t\t\t\t\t<\/label>\n\t\t\t\t\t\t\t\t<div class=\"elementor-field-subgroup\">\n\t\t\t<span class=\"elementor-field-option\">\n\t\t\t\t<input type=\"checkbox\" name=\"form_fields[field_7334552]\" id=\"form-field-field_7334552\" class=\"elementor-field elementor-size-sm  elementor-acceptance-field\" required=\"required\">\n\t\t\t\t<label for=\"form-field-field_7334552\">*Acconsento al trattamento dei dati personali da parte di Federcasa, come descritto nella <a href=\"https:\/\/join.rinaprime.com\/wp-content\/uploads\/2022\/05\/Federcasa_PrivacyPolicy.pdf\" style=\"color:#0f0b30; text-decoration: underline;\">privacy policy<\/a>.<\/label>\t\t\t<\/span>\n\t\t<\/div>\n\t\t\t\t\t\t<\/div>\n\t\t\t\t\t\t\t\t<div class=\"elementor-field-type-html elementor-field-group elementor-column elementor-field-group-field_fe26b5d elementor-col-100\">\n\t\t\t\t\t<hr>\t\t\t\t<\/div>\n\t\t\t\t\t\t\t\t<div class=\"elementor-field-type-html elementor-field-group elementor-column elementor-field-group-field_88a3aa6 elementor-col-100\">\n\t\t\t\t\tAcconsento a ricevere comunicazioni commerciali, materiale pubblicitario su prodotti o servizi offerti dal Titolare (RINA Prime Value Services SPA) e rilevazione del grado di soddisfazione sulla qualit\u00e0 dei servizi.\t\t\t\t<\/div>\n\t\t\t\t\t\t\t\t<div class=\"elementor-field-type-radio elementor-field-group elementor-column elementor-field-group-field_4a04c13 elementor-col-100\">\n\t\t\t\t\t\t\t\t\t\t\t\t<label for=\"form-field-field_4a04c13\" class=\"elementor-field-label elementor-screen-only\">\n\t\t\t\t\t\t\t\tCC RINA Prime\t\t\t\t\t\t\t<\/label>\n\t\t\t\t\t\t<div class=\"elementor-field-subgroup  elementor-subgroup-inline\"><span class=\"elementor-field-option\"><input type=\"radio\" value=\"Do il consenso\" id=\"form-field-field_4a04c13-0\" name=\"form_fields[field_4a04c13]\"> <label for=\"form-field-field_4a04c13-0\">Do il consenso<\/label><\/span><span class=\"elementor-field-option\"><input type=\"radio\" value=\"Nego il consenso\" id=\"form-field-field_4a04c13-1\" name=\"form_fields[field_4a04c13]\"> <label for=\"form-field-field_4a04c13-1\">Nego il consenso<\/label><\/span><\/div>\t\t\t\t<\/div>\n\t\t\t\t\t\t\t\t<div class=\"elementor-field-group elementor-column elementor-field-type-submit elementor-col-100 e-form__buttons\">\n\t\t\t\t\t<button class=\"elementor-button elementor-size-sm\" type=\"submit\">\n\t\t\t\t\t\t<span class=\"elementor-button-content-wrapper\">\n\t\t\t\t\t\t\t\t\t\t\t\t\t\t\t\t\t\t\t\t\t\t<span class=\"elementor-button-text\">INVIA PRE-ADESIONE<\/span>\n\t\t\t\t\t\t\t\t\t\t\t\t\t<\/span>\n\t\t\t\t\t<\/button>\n\t\t\t\t<\/div>\n\t\t\t<\/div>\n\t\t<\/form>\n\t\t\t\t\t\t<\/div>\n\t\t\t\t<\/div>\n\t\t\t\t\t<\/div>\n\t\t<\/div>\n\t\t\t\t\t<\/div>\n\t\t<\/section>\n\t\t\t\t<\/div>\n\t\t","protected":false},"excerpt":{"rendered":"<p>Pre-adesione Evento SOSTENIBILIT\u00c0, opportunit\u00e0 di efficientamento per l&#8217;edilizia residenziale pubblica. Questo evento \u00e8 a numero chiuso pertanto si prega di attendere la conferma di partecipazione da parte di Federcasa. Il termine ultimo per la pre-adesione \u00e8 il 20 maggio 2022.<\/p>","protected":false},"author":1,"featured_media":0,"parent":0,"menu_order":0,"comment_status":"closed","ping_status":"closed","template":"","meta":{"footnotes":""},"class_list":["post-7","page","type-page","status-publish","hentry"],"_links":{"self":[{"href":"https:\/\/join.rinaprime.com\/en\/wp-json\/wp\/v2\/pages\/7","targetHints":{"allow":["GET"]}}],"collection":[{"href":"https:\/\/join.rinaprime.com\/en\/wp-json\/wp\/v2\/pages"}],"about":[{"href":"https:\/\/join.rinaprime.com\/en\/wp-json\/wp\/v2\/types\/page"}],"author":[{"embeddable":true,"href":"https:\/\/join.rinaprime.com\/en\/wp-json\/wp\/v2\/users\/1"}],"replies":[{"embeddable":true,"href":"https:\/\/join.rinaprime.com\/en\/wp-json\/wp\/v2\/comments?post=7"}],"version-history":[{"count":80,"href":"https:\/\/join.rinaprime.com\/en\/wp-json\/wp\/v2\/pages\/7\/revisions"}],"predecessor-version":[{"id":413,"href":"https:\/\/join.rinaprime.com\/en\/wp-json\/wp\/v2\/pages\/7\/revisions\/413"}],"wp:attachment":[{"href":"https:\/\/join.rinaprime.com\/en\/wp-json\/wp\/v2\/media?parent=7"}],"curies":[{"name":"wp","href":"https:\/\/api.w.org\/{rel}","templated":true}]}}